{"id":21,"date":"2019-11-28T20:38:53","date_gmt":"2019-11-28T20:38:53","guid":{"rendered":"http:\/\/gegen-area3-ost.info\/?page_id=21"},"modified":"2025-10-11T14:50:30","modified_gmt":"2025-10-11T14:50:30","slug":"archiv","status":"publish","type":"page","link":"https:\/\/gegen-area3-ost.info\/?page_id=21","title":{"rendered":"Archiv"},"content":{"rendered":"\n<h2 class=\"wp-block-heading\">Leserbriefe der letzten Wochen:<\/h2>\n\n\n\n<div data-wp-interactive=\"\" class=\"wp-block-file\"><object data-wp-bind--hidden=\"!selectors.core.file.hasPdfPreview\" hidden class=\"wp-block-file__embed\" data=\"http:\/\/gegen-area3-ost.info\/wp-content\/uploads\/2024\/03\/Leserbriefe-seit-Februar-2024.pdf\" type=\"application\/pdf\" style=\"width:100%;height:600px\" aria-label=\"Einbettung von Leserbriefe-seit-Februar-2024.\"><\/object><a id=\"wp-block-file--media-ced8236a-ed71-4f68-bcb2-24bf2581eb87\" href=\"http:\/\/gegen-area3-ost.info\/wp-content\/uploads\/2024\/03\/Leserbriefe-seit-Februar-2024.pdf\">Leserbriefe-seit-Februar-2024<\/a><a href=\"http:\/\/gegen-area3-ost.info\/wp-content\/uploads\/2024\/03\/Leserbriefe-seit-Februar-2024.pdf\" class=\"wp-block-file__button wp-element-button\" download aria-describedby=\"wp-block-file--media-ced8236a-ed71-4f68-bcb2-24bf2581eb87\">Herunterladen<\/a><\/div>\n\n\n\n<h4 class=\"wp-block-heading\"><a href=\"https:\/\/www.noerten-hardenberg.de\/staticsite\/staticsite.php?menuid=1206&amp;topmenu=51&amp;keepmenu=inactive\" target=\"_blank\" rel=\"noreferrer noopener\">direktes Umschalten zu den Unterlagen auf der Webseite des Fleckens N\u00f6rten-Hardenberg, verl\u00e4sst diese Webseiten<\/a><\/h4>\n\n\n\n<h4 class=\"wp-block-heading\">Links zu den Planungsunterlagen vom 17.12.2019: <\/h4>\n\n\n<p>zu den Unterlagen der Bauleitplanung des Zweckverbandes \u201eAREA 3 \u2013 Ost\u201c, Landkreis Northeim; Bebauungsplan Nr. 19 \u201eInterkommunales Gewerbegebiet AREA 3 \u2013 Ost\u201c, OT Angerstein &#8212;&gt;<\/p>\n\n\n<ul><li>\n<p><a href=\"https:\/\/www.noerten-hardenberg.de\/pics\/medien\/1_1576593498\/Bekanntmachung-oeffentliche_Auslegung-BPlan_Nr._19_Interkommunales_Gewerbegebiet_AREA_3-Ost-OT_Angerstein.pdf\" target=\"_blank\" rel=\"noreferrer noopener\">Bekanntmachung-\u00f6ffentliche Auslegung-BPlan Nr. 19 Interkommunales Gewerbegebiet AREA 3-Ost-OT Angerstein.pdf (493 KB)\n<\/a><\/p><\/li>\n\n\n\n<p><li><p><a href=\"https:\/\/www.noerten-hardenberg.de\/pics\/medien\/1_1576593559\/Offenlegung_Immissionsgutachten_06-09-19-Landwirtschaftskammer-BPlan_19_Interkommunales_Gewerbegebiet-AREA_3-Ost.pdf\" target=\"_blank\" rel=\"noreferrer noopener\">Offenlegung Immissionsgutachten 06-09-19-Landwirtschaftskammer-BPlan 19 Interkommunales Gewerbegebiet-AREA 3-Ost.pdf (1,61 MB)\n<\/a><\/p><\/li><\/p>\n\n\n\n<li><p><a href=\"https:\/\/www.noerten-hardenberg.de\/pics\/medien\/1_1576593581\/Offenlegung-Begruendung_2-c-BPlan_Nr.19_Interkommunales_Gewerbegebiet_AREA_3-Ost-OT_Ang.pdf\" target=\"_blank\" rel=\"noreferrer noopener\"><p>Offenlegung-Begr\u00fcndung 2-c-BPlan Nr.19 Interkommunales Gewerbegebiet AREA 3-Ost-OT Ang.pdf (1,04 MB)\n<\/a><\/p><\/li>\n\n\n\n<li><p><a href=\"https:\/\/www.noerten-hardenberg.de\/pics\/medien\/1_1576593615\/Offenlegung-Gesamtbericht_Artenschutz_Umweltplanung_Lichtenborn-03-07-16-BPlan_19_Interkommunales_Gewerbegebiet..pdf\" target=\"_blank\" rel=\"noreferrer noopener\"><p>Offenlegung-Gesamtbericht_Artenschutz_Umweltplanung_Lichtenborn-03-07-16-BPlan 19 Interkommunales Gewerbegebiet..pdf (1,73 MB)\n<\/a><\/p><\/li>\n\n\n\n<li><p><a href=\"https:\/\/www.noerten-hardenberg.de\/pics\/medien\/1_1576593635\/Offenlegung-Planteil-2-d-BPlan_19_Interkommunlaes_Gewerbegebiet_AREA_3-Ost-OT_Angerstein.pdf\" target=\"_blank\" rel=\"noreferrer noopener\"><p>Offenlegung-Planteil-2-d-BPlan 19 Interkommunlaes Gewerbegebiet AREA 3-Ost-OT Angerstein.pdf (3,43 MB)\n<\/a><\/p><\/li>\n\n\n\n<li><p><a href=\"https:\/\/www.noerten-hardenberg.de\/pics\/medien\/1_1576593697\/Offenlegung-Stellungnahmen_Traeger_oeffentl._Belange____4_Abs._1-BPlan_19-Interkommunales_Gewerbegebiet_AREA_3-Ost.pdf\" target=\"_blank\" rel=\"noreferrer noopener\"><p>Offenlegung-Stellungnahmen Tr\u00e4ger \u00f6ffentl. Belange \u00a7 4 Abs. 1-BPlan 19-Interkommunales Gewerbegebiet AREA 3-Ost.pdf (5,46 MB)\n<\/a><\/p><\/li>\n\n\n\n<li><p><a href=\"https:\/\/www.noerten-hardenberg.de\/pics\/medien\/1_1576593734\/Offenlegung-Stellungnahmen-Oeffentlichkeit-___3_Abs._1_BauGB-BPlan_19_Interkommunales_Gewerbegebiet-AREA_3-Ost-OT_Ang.pdf\" target=\"_blank\" rel=\"noreferrer noopener\"><p>Offenlegung-Stellungnahmen-\u00d6ffentlichkeit-\u00a7 3 Abs. 1 BauGB-BPlan 19 Interkommunales Gewerbegebiet-AREA 3-Ost-OT Ang.pdf (3,62 MB)\n<\/a><\/p><\/li>\n\n\n\n<li><p><a href=\"https:\/\/www.noerten-hardenberg.de\/pics\/medien\/1_1576593754\/Offenlegung-Umweltbericht_Stufe_2-d-BPlan_19_Interkommunlaes_Gewerbegebiet_AREA3-Ost.pdf\" target=\"_blank\" rel=\"noreferrer noopener\"><p>Offenlegung-Umweltbericht Stufe 2-d-BPlan 19 Interkommunlaes Gewerbegebiet AREA3-Ost.pdf (0,61 MB)\n<\/a><\/p><\/li>\n\n\n\n<p><li><p><a href=\"https:\/\/www.noerten-hardenberg.de\/pics\/medien\/1_1576593663\/Offenlegung-Schalltechnisches_Gutachten_Nr._19440-22-10-2019-BPlan_19_Interkommunles_Gewerbegebiet_AREA_3-Ost.pdf\" target=\"_blank\" rel=\"noreferrer noopener\">Offenlegung-Schalltechnisches Gutachten Nr. 19440-22-10-2019-BPlan 19 Interkommunles Gewerbegebiet AREA 3-Ost.pdf (7,74 MB)\n<\/a><\/p><\/li><\/ul>\n\n\n<p>zu den Unterlagen der Bauleitplanung des Flecken N\u00f6rten-Hardenberg, Landkreis Northeim; 29. \u00c4nderung des Fl\u00e4chennutzungsplanes Fr\u00fchzeitige \u00d6ffentlichkeitsbeteiligung gem. \u00a7 3 Abs. 1 Baugesetzbuch (BauGB) i.V.m. der fr\u00fchzeitigen Beteiligung der Beh\u00f6rden und sonstigen Tr\u00e4ger \u00f6ffentlicher Belange gem. \u00a7 4 Abs. 1 BauGB und Bekanntgabe des Aufstellungsbeschlusses gem. \u00a7 2 Abs. 1 (BauGB):<\/p>\n\n\n<ul><li><p><a href=\"https:\/\/www.noerten-hardenberg.de\/pics\/medien\/1_1567061235\/bekanntmachung-fruehz-beteiligung-29aend-fplan-28-08-2019.pdf\" target=\"_blank\" rel=\"noreferrer noopener\"><p>Bekanntmachung-\u00f6ffentliche Auslegung-29. \u00c4nderung F-Plan N\u00f6rten-Hardenberg-16.12.2019.pdf\n<\/a><\/p><\/li>\n\n\n\n<li><p><a href=\"https:\/\/www.noerten-hardenberg.de\/pics\/medien\/1_1576653016\/Offenlegung_Immissions-Gutachten_06-09-19-Landwirtschaftskammer-29._Aenderung_Flaechennutzungsplan_Noerten-Hardenberg.pdf\" target=\"_blank\" rel=\"noreferrer noopener\"><p>Offenlegung_Immissions-Gutachten_06-09-19-Landwirtschaftskammer-29._Aenderung_Flaechennutzungsplan_Noerten-Hardenberg.pdf\n<\/a><\/p><\/li>\n\n\n\n<li><p><a href=\"https:\/\/www.noerten-hardenberg.de\/pics\/medien\/1_1576653042\/Offenlegung_Planteil_2-b-29.Aenderung_Flaechennutzungsplan_Flecken_Noerten-Hardenberg.pdf\" target=\"_blank\" rel=\"noreferrer noopener\"><p>Offenlegung_Planteil_2-b-29.Aenderung_Flaechennutzungsplan_Flecken_Noerten-Hardenberg.pdf\n<\/a><\/p><\/li>\n\n\n\n<li><p><a href=\"https:\/\/www.noerten-hardenberg.de\/pics\/medien\/1_1576653065\/Offenlegung_Umweltbericht_29_Aenderung_Flaechennutzungplan_Flecken_Noerten-Hardenberg-Stufe_2-b.pdf\" target=\"_blank\" rel=\"noreferrer noopener\"><p>Offenlegung_Umweltbericht_29_Aenderung_Flaechennutzungplan_Flecken_Noerten-Hardenberg-Stufe_2-b.pdf\n<\/a><\/p><\/li>\n\n\n\n<li><p><a href=\"https:\/\/www.noerten-hardenberg.de\/pics\/medien\/1_1576653084\/Offenlegung-Begruendung_2-b-29_Aenderung_Flaechennutzungsplan_Flecken_Noerten-Hardenberg.pdf\" target=\"_blank\" rel=\"noreferrer noopener\"><p>Offenlegung-Begruendung_2-b-29_Aenderung_Flaechennutzungsplan_Flecken_Noerten-Hardenberg.pdf\n<\/a><\/p><\/li>\n\n\n\n<li><p><a href=\"https:\/\/www.noerten-hardenberg.de\/pics\/medien\/1_1576653185\/Offenlegung-Stellungnahmen-Oeffentlichkeit-___3_Abs._1_BauGB-29._Aenderung_Flaechennutzungsplan-Noerten-Hardenberg.pdf\" target=\"_blank\" rel=\"noreferrer noopener\"><p>Offenlegung-Stellungnahmen_der_Behoerden_usw._zur_fruehzeitigen_Beteiligung_29._Aenderung_Flaechennutzungsplan.pdf\n<\/a><\/p><\/li>\n\n\n\n<li><p><a href=\"https:\/\/www.noerten-hardenberg.de\/pics\/medien\/1_1576653157\/Offenlegung-Stellungnahmen_der_Behoerden_usw._zur_fruehzeitigen_Beteiligung_29._Aenderung_Flaechennutzungsplan.pdf\" target=\"_blank\" rel=\"noreferrer noopener\"><p>Offenlegung-Stellungnahmen-Oeffentlichkeit-___3_Abs._1_BauGB-29._Aenderung_Flaechennutzungsplan-Noerten-Hardenberg.pdf\n<\/a><\/p><\/li><\/ul>\n\n\n\n<h4 class=\"wp-block-heading\">Links zu vorherigen Planungsunterlagen der Gemeinde N\u00f6rten-Hardenberg: <\/h4>\n\n\n\n<ul><li><p><a href=\"https:\/\/www.noerten-hardenberg.de\/pics\/medien\/1_1568354264\/bekanntmachung-fruehzeitige_Beteiligung-B-Plan_Nr._19-Interkommunales-Gewerbegebiet-AREA_3-Ost-OT-Ang-11-09-19.pdf\" target=\"_blank\" rel=\"noreferrer noopener\">bekanntmachung-fr\u00fchzeitige Beteiligung-B-Plan Nr. 19-Interkommunales-Gewerbegebiet-AREA 3-Ost-OT-Ang-11-09-19.pdf  (275 KB)<\/a><\/p><\/li>\n\n\n\n<p><li><p><a href=\"https:\/\/www.noerten-hardenberg.de\/pics\/medien\/1_1568354053\/B-Plan_Nr._19-Interkommunales-Gewerbegebiet-AREA_3-Ost-OT_Angerstein-Plan.pdf\" target=\"_blank\" rel=\"noreferrer noopener\">B-Plan Nr. 19-Interkommunales-Gewerbegebiet-AREA 3-Ost-OT Angerstein-Plan.pdf  (2,22 MB)<\/a><\/p><\/li><\/p>\n\n\n\n<p><li><p><a href=\"https:\/\/www.noerten-hardenberg.de\/pics\/medien\/1_1568354093\/fruehz_beteilig-bplan19-AREA3-Ost-Bericht_Artenschutz_Umweltplanung_Lichtenborn_03_07_16.pdf\" target=\"_blank\" rel=\"noreferrer noopener\">fr\u00fchz_beteilig-bplan19-AREA3-Ost-Bericht_Artenschutz_Umweltplanung_Lichtenborn_03_07_16.pdf  (1,73 MB)<\/a><\/p><\/li><\/p>\n\n\n\n<p><li><p><a href=\"https:\/\/www.noerten-hardenberg.de\/pics\/medien\/1_1568354144\/fruehz-Beteiligung-bplan-19-AREA_3-Ost-OT_Angerstein-Begruendung.pdf\" target=\"_blank\" rel=\"noreferrer noopener\">fr\u00fchz-Beteiligung-bplan-19-AREA 3-Ost-OT Angerstein-Begr\u00fcndung.pdf  (0,88 MB)<\/a><\/p><\/li><\/p>\n\n\n\n<h4 class=\"wp-block-heading\">zu den &#8222;Abw\u00e4gungen&#8220; zu den Einwendungen (dort hei\u00dft es jeweils &#8222;anonym&#8220;,  die Namen sind aber offen bekannt gewesen und wurden anonymisiert):<\/h4>\n\n\n\n<div class=\"wp-block-file\"><a id=\"wp-block-file--media-84fb0bcc-0bb9-4bfc-b858-810b35c23e9c\" href=\"http:\/\/gegen-area3-ost.info\/wp-content\/uploads\/2019\/12\/311_BP_Abwaegung_2_b.pdf\">311_BP_Abwaegung_2_b<\/a><a href=\"http:\/\/gegen-area3-ost.info\/wp-content\/uploads\/2019\/12\/311_BP_Abwaegung_2_b.pdf\" class=\"wp-block-file__button wp-element-button\" download aria-describedby=\"wp-block-file--media-84fb0bcc-0bb9-4bfc-b858-810b35c23e9c\">Herunterladen<\/a><\/div>\n\n\n\n<h4 class=\"wp-block-heading\">Leserbriefe:<\/h4>\n\n\n\n<div class=\"wp-block-file\"><a id=\"wp-block-file--media-733e293a-3b82-4cc0-98d6-5578d60c2bfd\" href=\"http:\/\/gegen-area3-ost.info\/wp-content\/uploads\/2019\/12\/Leserbrief-HNA_29_11_2019.pdf\">Leserbrief HNA_29_11_2019<\/a><a href=\"http:\/\/gegen-area3-ost.info\/wp-content\/uploads\/2019\/12\/Leserbrief-HNA_29_11_2019.pdf\" class=\"wp-block-file__button wp-element-button\" download aria-describedby=\"wp-block-file--media-733e293a-3b82-4cc0-98d6-5578d60c2bfd\">Herunterladen<\/a><\/div>\n\n\n\n<div class=\"wp-block-file\"><a id=\"wp-block-file--media-db0473d2-9288-4452-a23f-09dfbbf17365\" href=\"http:\/\/gegen-area3-ost.info\/wp-content\/uploads\/2019\/12\/Leserbrief-AERA3-Ost.pdf\">Leserbrief AERA3-Ost<\/a><a href=\"http:\/\/gegen-area3-ost.info\/wp-content\/uploads\/2019\/12\/Leserbrief-AERA3-Ost.pdf\" class=\"wp-block-file__button wp-element-button\" download aria-describedby=\"wp-block-file--media-db0473d2-9288-4452-a23f-09dfbbf17365\">Herunterladen<\/a><\/div>\n\n\n\n<h4 class=\"wp-block-heading\">Gesetzliche Grundlagen:<\/h4>\n\n\n\n<div class=\"wp-block-file\"><a id=\"wp-block-file--media-ab7caebc-0f86-43a9-b2a4-f03efc9ce706\" href=\"http:\/\/gegen-area3-ost.info\/wp-content\/uploads\/2019\/12\/BauGB.pdf\">BauGB<\/a><a href=\"http:\/\/gegen-area3-ost.info\/wp-content\/uploads\/2019\/12\/BauGB.pdf\" class=\"wp-block-file__button wp-element-button\" download aria-describedby=\"wp-block-file--media-ab7caebc-0f86-43a9-b2a4-f03efc9ce706\">Herunterladen<\/a><\/div>\n\n\n\n<h2 class=\"wp-block-heading\">Auswahl von Stellungnahmen:<\/h2>\n\n\n\n<div class=\"wp-block-file\"><a id=\"wp-block-file--media-87d1e617-62a6-447e-afa2-43add6a6c9e4\" href=\"http:\/\/gegen-area3-ost.info\/wp-content\/uploads\/2020\/02\/Stellungnahmen-zum-FundB.pdf\">Haller: Stellungnahmen-zum-FundB<\/a><a href=\"http:\/\/gegen-area3-ost.info\/wp-content\/uploads\/2020\/02\/Stellungnahmen-zum-FundB.pdf\" class=\"wp-block-file__button wp-element-button\" download aria-describedby=\"wp-block-file--media-87d1e617-62a6-447e-afa2-43add6a6c9e4\">Herunterladen<\/a><\/div>\n\n\n\n<h3 class=\"wp-block-heading\"><\/h3>\n","protected":false},"excerpt":{"rendered":"<p>Leserbriefe der letzten Wochen: direktes Umschalten zu den Unterlagen auf der Webseite des Fleckens N\u00f6rten-Hardenberg, verl\u00e4sst diese Webseiten Links zu den Planungsunterlagen vom 17.12.2019: zu den Unterlagen der Bauleitplanung des Zweckverbandes \u201eAREA 3 \u2013 Ost\u201c, Landkreis Northeim; Bebauungsplan Nr. 19 &hellip; <a href=\"https:\/\/gegen-area3-ost.info\/?page_id=21\">Weiterlesen <span class=\"meta-nav\">&rarr;<\/span><\/a><\/p>\n","protected":false},"author":1,"featured_media":0,"parent":0,"menu_order":0,"comment_status":"closed","ping_status":"closed","template":"","meta":{"_bbp_topic_count":0,"_bbp_reply_count":0,"_bbp_total_topic_count":0,"_bbp_total_reply_count":0,"_bbp_voice_count":0,"_bbp_anonymous_reply_count":0,"_bbp_topic_count_hidden":0,"_bbp_reply_count_hidden":0,"_bbp_forum_subforum_count":0,"footnotes":""},"_links":{"self":[{"href":"https:\/\/gegen-area3-ost.info\/index.php?rest_route=\/wp\/v2\/pages\/21"}],"collection":[{"href":"https:\/\/gegen-area3-ost.info\/index.php?rest_route=\/wp\/v2\/pages"}],"about":[{"href":"https:\/\/gegen-area3-ost.info\/index.php?rest_route=\/wp\/v2\/types\/page"}],"author":[{"embeddable":true,"href":"https:\/\/gegen-area3-ost.info\/index.php?rest_route=\/wp\/v2\/users\/1"}],"replies":[{"embeddable":true,"href":"https:\/\/gegen-area3-ost.info\/index.php?rest_route=%2Fwp%2Fv2%2Fcomments&post=21"}],"version-history":[{"count":51,"href":"https:\/\/gegen-area3-ost.info\/index.php?rest_route=\/wp\/v2\/pages\/21\/revisions"}],"predecessor-version":[{"id":860,"href":"https:\/\/gegen-area3-ost.info\/index.php?rest_route=\/wp\/v2\/pages\/21\/revisions\/860"}],"wp:attachment":[{"href":"https:\/\/gegen-area3-ost.info\/index.php?rest_route=%2Fwp%2Fv2%2Fmedia&parent=21"}],"curies":[{"name":"wp","href":"https:\/\/api.w.org\/{rel}","templated":true}]}}