{"id":18,"date":"2019-11-28T20:38:53","date_gmt":"2019-11-28T20:38:53","guid":{"rendered":"http:\/\/gegen-area3-ost.info\/?page_id=18"},"modified":"2020-01-03T22:15:53","modified_gmt":"2020-01-03T22:15:53","slug":"datenschutzerklaerung","status":"publish","type":"page","link":"https:\/\/gegen-area3-ost.info\/?page_id=18","title":{"rendered":"Datenschutzerkl\u00e4rung"},"content":{"rendered":"\n<figure class=\"wp-block-table\"><table class=\"\"><tbody><tr><td><strong>Allgemeine Hinweise<\/strong><br>Die  folgenden Hinweise geben einen \u00dcberblick dar\u00fcber, was mit Ihren  personenbezogenen Daten passiert, wenn Sie unsere Website besuchen.  Die Betreiber dieser Seiten nehmen den Schutz Ihrer pers\u00f6nlichen   Daten sehr ernst. Wir behandeln Ihre personenbezogenen Daten vertraulich und entsprechend der gesetzlichen Datenschutzvorschriften sowie dieser Datenschutzerkl\u00e4rung. Wenn Sie diese Website benutzen, k\u00f6nnen verschiedene   personenbezogene Daten erhoben werden. Personenbezogene Daten sind   Daten, mit denen Sie pers\u00f6nlich identifiziert werden k\u00f6nnen. Die   vorliegende Datenschutzerkl\u00e4rung erl\u00e4utert, welche Daten wir ggf.   erheben und wof\u00fcr wir sie nutzen. Sie erl\u00e4utert auch, wie und zu welchem   Zweck das geschieht. Wir weisen darauf hin, dass die Daten\u00fcbertragung im Internet (z.B.   bei der Kommunikation per E-Mail) Sicherheitsl\u00fccken aufweisen kann. Ein   l\u00fcckenloser Schutz der Daten vor dem Zugriff durch Dritte ist nicht   m\u00f6glich. <br><strong>Wer ist verantwortlich f\u00fcr die Datenerfassung auf dieser Website?<\/strong><br>Die Datenverarbeitung auf dieser Website erfolgt durch den  Websitebetreiber. Dessen Kontaktdaten k\u00f6nnen Sie dem Impressum dieser  Website entnehmen. <br><strong>Wie erfassen wir Ihre Daten?<\/strong><br> Ihre Daten werden zum einen  dadurch erhoben, dass Sie uns diese mitteilen. Hierbei kann es sich um  Daten handeln, die Sie in ein Kontaktformular eingeben. Andere Daten werden automatisch beim Besuch der Website durch unsere  IT-Systeme erfasst. Das sind vor allem technische Daten (z.B.  Internetbrowser, Betriebssystem oder Uhrzeit des Seitenaufrufs). Die  Erfassung dieser Daten erfolgt automatisch, sobald Sie unsere Website  betreten. <br><strong>Wof\u00fcr nutzen wir Ihre Daten?<\/strong><br>Ein Teil der Daten wird  erhoben, um eine fehlerfreie Bereitstellung der Website zu  gew\u00e4hrleisten. Andere Daten k\u00f6nnen zur Analyse Ihres Nutzerverhaltens  verwendet werden und uns Aufschluss dar\u00fcber geben, was auf unserer  Webseite besucht, genutzt oder beachtet wird. Die von Ihnen an uns  geschickten Befragungsdaten werden wir f\u00fcr die Darstellung und  Interpretation der Ergebnisse aus diesen Erhebungen verarbeiten und  anonym pr\u00e4sentieren.  <br><strong>Welche Rechte haben Sie bez\u00fcglich Ihrer Daten?<\/strong><br>Sie haben  jederzeit das Recht unentgeltlich Auskunft \u00fcber Herkunft, Empf\u00e4nger und  Zweck Ihrer gespeicherten personenbezogenen Daten zu erhalten. Sie haben  au\u00dferdem ein Recht, die Berichtigung, Sperrung oder L\u00f6schung dieser  Daten zu verlangen. Hierzu sowie zu weiteren Fragen zum Thema  Datenschutz k\u00f6nnen Sie sich jederzeit unter der im Impressum angegebenen  Adresse an uns wenden. Des Weiteren steht Ihnen ein Beschwerderecht bei  der zust\u00e4ndigen Aufsichtsbeh\u00f6rde zu.  <strong>Hinweis zur verantwortlichen Stelle<\/strong><br>Die verantwortliche Stelle f\u00fcr die Datenverarbeitung auf dieser Website ist:<br>Prof.i.R. Dr. Hans-Dieter Haller<br> <em>\u00dcber der Worth 15<\/em><br> <em>37176 N\u00f6rten-Hardenberg<\/em><br> <em>E-Mail: hd_haller@web.de<\/em><br> <em>Telefon: 01523 1859450<\/em> <br><strong>Beschwerderecht bei der zust\u00e4ndigen Aufsichtsbeh\u00f6rde<\/strong> <br>Im Falle datenschutzrechtlicher Verst\u00f6\u00dfe steht dem Betroffenen ein  Beschwerderecht bei der zust\u00e4ndigen Aufsichtsbeh\u00f6rde zu. Zust\u00e4ndige  Aufsichtsbeh\u00f6rde in datenschutzrechtlichen Fragen ist der  Landesdatenschutzbeauftragte des Landes Niedersachsen. Eine Liste der Datenschutzbeauftragten sowie deren  Kontaktdaten k\u00f6nnen folgendem Link entnommen werden: <a rel=\"noreferrer noopener\" target=\"_blank\" href=\"https:\/\/www.bfdi.bund.de\/DE\/Infothek\/Anschriften_Links\/anschriften_links-node.html\">https:\/\/www.bfdi.bund.de\/DE\/Infothek\/Anschriften_Links\/anschriften_links-node.html<\/a>. <br><strong>Recht auf Daten\u00fcbertragbarkeit<\/strong> <br>Sie haben das Recht, Daten, die wir auf Grundlage Ihrer Einwilligung  oder in Erf\u00fcllung eines Vertrags automatisiert verarbeiten, an sich oder  an einen Dritten in einem g\u00e4ngigen, maschinenlesbaren Format  aush\u00e4ndigen zu lassen. Sofern Sie die direkte \u00dcbertragung der Daten an  einen anderen Verantwortlichen verlangen, erfolgt dies nur, soweit es  technisch machbar ist. <br><strong>Auskunft, Sperrung, L\u00f6schung<\/strong> <br>Sie haben im Rahmen der geltenden gesetzlichen Bestimmungen jederzeit  das Recht auf unentgeltliche Auskunft \u00fcber Ihre gespeicherten  personenbezogenen Daten, deren Herkunft und Empf\u00e4nger und den Zweck der  Datenverarbeitung und ggf. ein Recht auf Berichtigung, Sperrung oder  L\u00f6schung dieser Daten. Hierzu sowie zu weiteren Fragen zum Thema  personenbezogene Daten k\u00f6nnen Sie sich jederzeit unter der im Impressum  angegebenen Adresse an uns wenden.<br>  <strong>Widerspruch gegen Werbe-Mails<\/strong> Der Nutzung von im Rahmen der Impressumspflicht ver\u00f6ffentlichten  Kontaktdaten zur \u00dcbersendung von nicht ausdr\u00fccklich angeforderter  Werbung und Informationsmaterialien wird hiermit widersprochen. Die  Betreiber der Seiten behalten sich ausdr\u00fccklich rechtliche Schritte im  Falle der unverlangten Zusendung von Werbeinformationen, etwa durch  Spam-E-Mails, vor.<br><strong>Cookies<\/strong><br>Diese Internetseiten verwenden teilweise so genannte Cookies. Cookies  richten auf Ihrem Rechner keinen Schaden an und enthalten keine Viren.  Cookies dienen dazu, unser Angebot nutzerfreundlicher, effektiver und  sicherer zu machen. Cookies sind kleine Textdateien, die auf Ihrem  Rechner abgelegt werden und die Ihr Browser speichert. Die meisten der von uns verwendeten Cookies sind so genannte  &#8222;Session-Cookies&#8220;. Sie werden nach Ende Ihres Besuchs automatisch  gel\u00f6scht. Andere Cookies bleiben auf Ihrem Endger\u00e4t gespeichert bis Sie  diese l\u00f6schen. Diese Cookies erm\u00f6glichen es uns, Ihren Browser beim  n\u00e4chsten Besuch wiederzuerkennen. Sie k\u00f6nnen Ihren Browser so einstellen, dass Sie \u00fcber das Setzen von  Cookies informiert werden und Cookies nur im Einzelfall erlauben, die  Annahme von Cookies f\u00fcr bestimmte F\u00e4lle oder generell ausschlie\u00dfen sowie  das automatische L\u00f6schen der Cookies beim Schlie\u00dfen des Browser  aktivieren. Bei der Deaktivierung von Cookies kann die Funktionalit\u00e4t  dieser Website eingeschr\u00e4nkt sein. Cookies, die zur Durchf\u00fchrung des elektronischen Kommunikationsvorgangs  oder zur Bereitstellung bestimmter, von Ihnen erw\u00fcnschter Funktionen  (z.B. Warenkorbfunktion) erforderlich sind, werden auf Grundlage von  Art. 6 Abs. 1 lit. f DSGVO gespeichert. Der Websitebetreiber hat ein  berechtigtes Interesse an der Speicherung von Cookies zur technisch  fehlerfreien und optimierten Bereitstellung seiner Dienste. Soweit  andere Cookies (z.B. Cookies zur Analyse Ihres Surfverhaltens)  gespeichert werden, werden diese in dieser Datenschutzerkl\u00e4rung  gesondert behandelt. <strong>Server-Log-Dateien<\/strong> Der Provider der Seiten erhebt und speichert automatisch  Informationen in so genannten Server-Log-Dateien, die Ihr Browser  automatisch an uns \u00fcbermittelt. Dies sind: Browsertyp und Browserversion<br> verwendetes Betriebssystem<br> Referrer URL<br> Hostname des zugreifenden Rechners<br> Uhrzeit der Serveranfrage<br> IP-Adresse  Eine Zusammenf\u00fchrung dieser Daten mit anderen Datenquellen wird nicht vorgenommen. Grundlage f\u00fcr die Datenverarbeitung ist Art. 6 Abs. 1 lit. f DSGVO,  der die Verarbeitung von Daten zur Erf\u00fcllung eines Vertrags oder  vorvertraglicher Ma\u00dfnahmen gestattet. <br><strong>Kontaktformular<\/strong> <br>Wenn Sie uns per Kontaktformular Anfragen zukommen lassen, werden  Ihre Angaben aus dem Anfrageformular inklusive der von Ihnen dort  angegebenen Kontaktdaten zwecks Bearbeitung der Anfrage und f\u00fcr den Fall  von Anschlussfragen bei uns gespeichert. Diese Daten geben wir nicht  ohne Ihre Einwilligung weiter. Die Verarbeitung der in das Kontaktformular eingegebenen Daten  erfolgt somit ausschlie\u00dflich auf Grundlage Ihrer Einwilligung (Art. 6  Abs. 1 lit. a DSGVO). Sie k\u00f6nnen diese Einwilligung jederzeit  widerrufen. Dazu reicht eine formlose Mitteilung per E-Mail an uns. Die  Rechtm\u00e4\u00dfigkeit der bis zum Widerruf erfolgten Datenverarbeitungsvorg\u00e4nge  bleibt vom Widerruf unber\u00fchrt. Die von Ihnen im Kontaktformular eingegebenen Daten verbleiben bei  uns, bis Sie uns zur L\u00f6schung auffordern, Ihre Einwilligung zur  Speicherung widerrufen oder der Zweck f\u00fcr die Datenspeicherung entf\u00e4llt  (z.B. nach abgeschlossener Bearbeitung Ihrer Anfrage). Zwingende  gesetzliche Bestimmungen \u2013 insbesondere Aufbewahrungsfristen \u2013 bleiben  unber\u00fchrt. <strong>Registrierung auf dieser Website<\/strong> Sie k\u00f6nnen sich auf unserer Website registrieren, um zus\u00e4tzliche  Funktionen auf der Seite zu nutzen. Die dazu eingegebenen Daten  verwenden wir nur zum Zwecke der Nutzung des jeweiligen Angebotes oder  Dienstes, f\u00fcr den Sie sich registriert haben. Die bei der Registrierung  abgefragten Pflichtangaben m\u00fcssen vollst\u00e4ndig angegeben werden.  Anderenfalls werden wir die Registrierung ablehnen. F\u00fcr wichtige \u00c4nderungen etwa beim Angebotsumfang oder bei technisch  notwendigen \u00c4nderungen nutzen wir die bei der Registrierung angegebene  E-Mail-Adresse, um Sie auf diesem Wege zu informieren. Die Verarbeitung der bei der Registrierung eingegebenen Daten erfolgt  auf Grundlage Ihrer Einwilligung (Art. 6 Abs. 1 lit. a DSGVO). Sie  k\u00f6nnen eine von Ihnen erteilte Einwilligung jederzeit widerrufen. Dazu  reicht eine formlose Mitteilung per E-Mail an uns. Die Rechtm\u00e4\u00dfigkeit  der bereits erfolgten Datenverarbeitung bleibt vom Widerruf unber\u00fchrt. <strong>Verarbeiten von Daten (Kunden- und Vertragsdaten)<\/strong> <br>Wir erheben, verarbeiten und nutzen personenbezogene Daten nur,  soweit sie f\u00fcr die Begr\u00fcndung, inhaltliche Ausgestaltung oder \u00c4nderung  des Rechtsverh\u00e4ltnisses erforderlich sind (Bestandsdaten). Dies erfolgt  auf Grundlage von Art. 6 Abs. 1 lit. b DSGVO, der die Verarbeitung von  Daten zur Erf\u00fcllung eines Vertrags oder vorvertraglicher Ma\u00dfnahmen  gestattet. Personenbezogene Daten \u00fcber die Inanspruchnahme unserer  Internetseiten (Nutzungsdaten) erheben, verarbeiten und nutzen wir nur,  soweit dies erforderlich ist, um dem Nutzer die Inanspruchnahme des  Dienstes zu erm\u00f6glichen oder abzurechnen. Die erhobenen Kundendaten werden nach Abschluss des Auftrags oder  Beendigung der Gesch\u00e4ftsbeziehung gel\u00f6scht. Gesetzliche  Aufbewahrungsfristen bleiben unber\u00fchrt. <strong>Daten\u00fcbermittlung bei Vertragsschluss f\u00fcr Dienstleistungen und digitale Inhalte<\/strong> <br>Wir \u00fcbermitteln personenbezogene Daten an Dritte nur dann, wenn dies  im Rahmen der Vertragsabwicklung notwendig ist, etwa an das mit der  Zahlungsabwicklung beauftragte Kreditinstitut. Eine weitergehende \u00dcbermittlung der Daten erfolgt nicht bzw. nur  dann, wenn Sie der \u00dcbermittlung ausdr\u00fccklich zugestimmt haben. Eine  Weitergabe Ihrer Daten an Dritte ohne ausdr\u00fcckliche Einwilligung, etwa  zu Zwecken der Werbung, erfolgt nicht. Grundlage f\u00fcr die Datenverarbeitung ist Art. 6 Abs. 1 lit. b DSGVO,  der die Verarbeitung von Daten zur Erf\u00fcllung eines Vertrags oder  vorvertraglicher Ma\u00dfnahmen gestattet. <br><strong>Widerspruch Werbe-Mails<\/strong> <br>Der Nutzung von im Rahmen der Impressumspflicht ver\u00f6ffentlichten  Kontaktdaten zur \u00dcbersendung von nicht ausdr\u00fccklich angeforderter  Werbung und Informationsmaterialien wird hiermit widersprochen. Die  Betreiber der Seiten behalten sich ausdr\u00fccklich rechtliche Schritte im  Falle der unverlangten Zusendung von Werbeinformationen, etwa durch  Spam-E-Mails, vor. <br><strong>Verarbeiten von Daten (Kunden- und Vertragsdaten)<\/strong> <br>Wir erheben, verarbeiten und nutzen personenbezogene Daten nur,  soweit sie f\u00fcr die Begr\u00fcndung, inhaltliche Ausgestaltung oder \u00e4nderung  des Rechtsverh\u00e4ltnisses erforderlich sind (Bestandsdaten).  Personenbezogene Daten \u00fcber die Inanspruchnahme unserer Internetseiten  (Nutzungsdaten) erheben, verarbeiten und nutzen wir nur, soweit dies  erforderlich ist, um dem Nutzer die Inanspruchnahme des Dienstes zu  erm\u00f6glichen oder abzurechnen. <em>Quellverweis: <\/em><a rel=\"noreferrer noopener\" target=\"_blank\" href=\"http:\/\/www.e-recht24.de\/muster-disclaimer.htm\"><em>eRecht24 Disclaimer<\/em><\/a><em>, <\/em><a rel=\"noreferrer noopener\" target=\"_blank\" href=\"http:\/\/www.e-recht24.de\/artikel\/datenschutz\/6590-facebook-like-button-datenschutz-disclaimer.html\"><em>Facebook-Disclaimer von eRecht24<\/em><\/a><em>, <\/em><a rel=\"noreferrer noopener\" target=\"_blank\" href=\"http:\/\/www.google.com\/intl\/de\/+\/policy\/+1button.html\"><em>Datenschutzerkl\u00e4rung Google +1<\/em><\/a><em>, <\/em><a rel=\"noreferrer noopener\" target=\"_blank\" href=\"http:\/\/twitter.com\/privacy\"><em>Twitter Datenschutzerkl\u00e4rung<\/em><\/a>  <br> <\/td><\/tr><tr><\/tr><\/tbody><\/table><\/figure>\n\n\n\n<h2 class=\"wp-block-heading\">Impressum<\/h2>\n\n\n\n<p> Diese Webseiten sind erstellt und verantwortet durch die Initiative  \u201eGegen AREA3-Ost\u201c. Sie ist erreichbar \u00fcber den im Folgenden genannten  Verantwortlichen. <br><em><strong>Inhaltlich Verantwortlicher gem\u00e4\u00df \u00a7 55 Abs. 2 RStV:<\/strong><\/em> <br>Prof.i.R. Dr. Hans-Dieter Haller<br>\u00dcber der Worth 15<br>37176 N\u00f6rten-Hardenberg<br>Telefon: 015231859450<br>E-Mail: hd_haller[at]web.de<br>Internet: <a href=\"http:\/\/gegen-area3-ost.info\">http:\/\/gegen-area3-ost.info\/<\/a><br><strong>Haftungshinweis:<\/strong>  Trotz sorgf\u00e4ltiger inhaltlicher Kontrolle \u00fcbernehmen wir keine Haftung  f\u00fcr die Inhalte externer Links.  F\u00fcr den Inhalt der verlinkten Seiten  sind ausschlie\u00dflich deren Betreiber verantwortlich.<br><em><strong>Disclaimer (Haftungsausschluss):<\/strong><\/em><br>Alle  auf diesen Internetseiten enthaltenen Artikel wurden nach bestem Wissen  erstellt und mit gr\u00f6\u00dftm\u00f6glicher Sorgfalt \u00fcberpr\u00fcft.  Dennoch sind  Fehler nicht v\u00f6llig auszuschlie\u00dfen. Daher erfolgen alle Angaben ohne  jegliche Verpflichtung oder Garantie  durch den Verantwortlichen.<br>Er \u00fcbernimmt deshalb keinerlei Haftung f\u00fcr etwa vorhandene inhaltliche Unrichtigkeiten.<br>Der  Verantwortliche gestattet die \u00dcbernahme von Texten in Datenbest\u00e4nde,   die ausschlie\u00dflich f\u00fcr den privaten Gebrauch eines Nutzers bestimmt  sind. <br>Die \u00dcbernahme und Nutzung der Daten zu anderen Zwecken bedarf der schriftlichen Zustimmung des Verantwortlichen.<br><em><strong>Wichtiger Hinweis:<\/strong><\/em>  Das Landgericht Hamburg hat mit Urteil vom 12.05.1998 entschieden,   dass durch die Ausbringung eines Links die Inhalte der gelinkten Seite  ggf. mit zu verantworten sind. <br> Dies kann \u2013 so das LG \u2013 nur dadurch verhindert werden, dass eine ausdr\u00fcckliche Distanzierung von diesen Inhalten erfolgt. <br>F\u00fcr Links auf den Seiten der Initiative \u201eGegen AREA3-Ost\u201c zu anderen Seiten im Internet gilt: <br>Die  Initiative \u201eGegen AREA3-Ost\u201c betont ausdr\u00fccklich, dass sie keinerlei  Einfluss  auf die Gestaltung und die Inhalte der gelinkten Seiten hat.  Deshalb distanziert sich die   Initiative \u201eGegen AREA3-Ost\u201c hiermit  ausdr\u00fccklich von allen Inhalten aller gelinkten Seiten auf ihrer  gesamten Website inkl. aller Unterseiten. Diese Erkl\u00e4rung gilt f\u00fcr alle  auf dieser Homepage ausgebrachten Links  und f\u00fcr alle Inhalte der  Seiten, zu denen Links oder Banner f\u00fchren.<br>       <\/p>\n\n\n<p>Datenschutzbestimmungen zum Einsatz und Verwendung von gratis-besucherzaehler.de<\/p>\n<p>Der f\u00fcr die Verarbeitung Verantwortliche hat auf dieser Webseite einen Besucherz\u00e4hler von gratis-besucherzaehler.de integriert. gratis-besucherzaehler.de ist eine deutsche Webseite die Besucherz\u00e4hler f\u00fcr die Nutzung auf der eigenen Webseite anbietet. Ein Besucherz\u00e4hler erfasst Daten dar\u00fcber, wann eine betroffene Person auf eine Webseite gekommen ist (sogenannter Timestamp) und mit welcher IP-Adresse (in gek\u00fcrzter Form) der Zugriff erfolgte.<\/p>\n<p>Ein Besucherz\u00e4hler wird zur Bestimmung der Anzahl der Zugriffe auf der eigenen Webseite eingesetzt.<\/p>\n<p>Betreiber von gratis-besucherzaehler.de ist die Privatperson Jonas Becker, Franzstr. 107-109, 52064 Aachen, Deutschland<\/p>\n<p>Der Zweck des Besucherz\u00e4hlers ist das Z\u00e4hlen der Besucherstr\u00f6me auf unserer Webseite. gratis-besucherzaehler.de nutzt die gewonnenen Daten und Informationen dazu, die Anzahl der Nutzer unserer Webseite eindeutig zu bestimmen, um f\u00fcr uns ein Widget bereitzustellen, welches die Aktivit\u00e4ten auf unserer Webseite aufzeigt und das wir sichtbar bei uns auf der Webseite einbinden k\u00f6nnen.<\/p>\n<p>gratis-besucherzaehler.de setzt ein Cookie, eine kleine Textdateien, die lokal im Zwischenspeicher des Internet-Browsers des Seitenbesuchers gespeichert werden, auf dem System (Computer, Smartphone, u. \u00c4.) der betroffenen Person, Mit Setzung des Cookies wird gratis-besucherzaehler.de eine Z\u00e4hlung der Nutzer unserer Webseite erm\u00f6glicht. Durch jeden Aufruf einer der Einzelseiten dieser Webseite, die durch den f\u00fcr die Verarbeitung Verantwortlichen betrieben wird und auf welcher ein Besucherz\u00e4hler von gratis-besucherzaehler.de integriert wurde, wird der Internetbrowser auf dem System der betroffenen Person automatisch durch die jeweiligen Besucherz\u00e4hler veranlasst, Daten zum Zwecke der Z\u00e4hlung an gratis-besucherzaehler.de zu \u00fcbermitteln. Im Rahmen dieses technischen Verfahrens erh\u00e4lt gratis-besucherzaehler.de Kenntnis \u00fcber personenbezogene Daten, wie der IP-Adresse (in gek\u00fcrzter Form) der betroffenen Person, und den Zugriffzeitpunkt die gratis-besucherzaehler.de dazu dienen, die Anzahl der Besucher eindeutig nachzuvollziehen und in der Folge eine korrekte Z\u00e4hlung der Nutzer durchzuf\u00fchren.<\/p>\n<p>Die erhobenen Daten werden nicht an Dritte weitergegeben. Die erhobenen Daten werden alle 48 Stunden vollst\u00e4ndig gel\u00f6scht.<\/p>\n<p>Die betroffene Person kann die Setzung von Cookies durch unsere Webseite jederzeit mittels einer entsprechenden Einstellung des genutzten Internetbrowsers verhindern und damit der Setzung von Cookies dauerhaft widersprechen. Eine solche Einstellung des genutzten Internetbrowsers w\u00fcrde auch verhindern, dass gratis-besucherzaehler.de ein Cookie auf dem informationstechnologischen System der betroffenen Person setzt. Zudem kann ein von gratis-besucherzaehler.de bereits gesetzter Cookie jederzeit \u00fcber den Internetbrowser gel\u00f6scht werden.<\/p>\n<p>Weitere Informationen und die geltenden Datenschutzbestimmungen von gratis-besucherzaehler.de k\u00f6nnen unter http:\/\/www.gratis-besucherzaehler.de\/datenschutz.php abgerufen werden.<\/p>","protected":false},"excerpt":{"rendered":"<p>Allgemeine HinweiseDie folgenden Hinweise geben einen \u00dcberblick dar\u00fcber, was mit Ihren personenbezogenen Daten passiert, wenn Sie unsere Website besuchen. Die Betreiber dieser Seiten nehmen den Schutz Ihrer pers\u00f6nlichen Daten sehr ernst. Wir behandeln Ihre personenbezogenen Daten vertraulich und entsprechend der &hellip; <a href=\"https:\/\/gegen-area3-ost.info\/?page_id=18\">Weiterlesen <span class=\"meta-nav\">&rarr;<\/span><\/a><\/p>\n","protected":false},"author":1,"featured_media":0,"parent":0,"menu_order":0,"comment_status":"closed","ping_status":"closed","template":"","meta":{"_bbp_topic_count":0,"_bbp_reply_count":0,"_bbp_total_topic_count":0,"_bbp_total_reply_count":0,"_bbp_voice_count":0,"_bbp_anonymous_reply_count":0,"_bbp_topic_count_hidden":0,"_bbp_reply_count_hidden":0,"_bbp_forum_subforum_count":0,"footnotes":""},"_links":{"self":[{"href":"https:\/\/gegen-area3-ost.info\/index.php?rest_route=\/wp\/v2\/pages\/18"}],"collection":[{"href":"https:\/\/gegen-area3-ost.info\/index.php?rest_route=\/wp\/v2\/pages"}],"about":[{"href":"https:\/\/gegen-area3-ost.info\/index.php?rest_route=\/wp\/v2\/types\/page"}],"author":[{"embeddable":true,"href":"https:\/\/gegen-area3-ost.info\/index.php?rest_route=\/wp\/v2\/users\/1"}],"replies":[{"embeddable":true,"href":"https:\/\/gegen-area3-ost.info\/index.php?rest_route=%2Fwp%2Fv2%2Fcomments&post=18"}],"version-history":[{"count":4,"href":"https:\/\/gegen-area3-ost.info\/index.php?rest_route=\/wp\/v2\/pages\/18\/revisions"}],"predecessor-version":[{"id":209,"href":"https:\/\/gegen-area3-ost.info\/index.php?rest_route=\/wp\/v2\/pages\/18\/revisions\/209"}],"wp:attachment":[{"href":"https:\/\/gegen-area3-ost.info\/index.php?rest_route=%2Fwp%2Fv2%2Fmedia&parent=18"}],"curies":[{"name":"wp","href":"https:\/\/api.w.org\/{rel}","templated":true}]}}